{"id":263,"date":"2020-04-26T11:55:44","date_gmt":"2020-04-26T11:55:44","guid":{"rendered":"http:\/\/www.team-eerola.fi\/wp\/?page_id=263"},"modified":"2020-04-26T22:40:26","modified_gmt":"2020-04-26T19:40:26","slug":"tapahtuma-live","status":"publish","type":"page","link":"http:\/\/www.team-eerola.fi\/wp\/tapahtuma-live\/","title":{"rendered":"Tapahtuma LIVE"},"content":{"rendered":"\n<p>Haluatko omasta tapahtumastasi suoran l\u00e4hetyksen maailmalle? Tehd\u00e4\u00e4n sellainen yhdess\u00e4 ja yksinkertaisesti. Kootaan se seuraavista osista:<\/p>\n\n\n\n<ul class=\"wp-block-list\"><li>2-5 kameran tuotanto, joista 1-2 liikkuvaa langatonta kameraa tarvittaessa<\/li><li>\u00c4\u00e4niratkaisu<\/li><li>Live striimin ohjaus<\/li><li>Ammattitaitoinen juontaja tarvittaessa<\/li><li>Et\u00e4osanottajat l\u00e4hetykseen (vaikkapa asiakashaastattelu)<\/li><li>Live-tuotannon jakelu haluttuun kanavaan tai tapahtuma-screenille<ul><li>julkisiin some kanaviin, kuten youtube, facebook, linkedin<\/li><li>yksityiseen jakelukanavaan laajalle yleis\u00f6lle<\/li><li>suorasiirto haluttuun paikkaan<\/li><\/ul><\/li><li>Osana l\u00e4hetyst\u00e4 n\u00e4ytet\u00e4\u00e4n valitsemaasi valmismateriaalia: videoita, kuvia<\/li><\/ul>\n\n\n\n<p>Esimerkiksi: tuotedemot, tuotejulkaisut, juhlatilaisuudet, palkitsemiset, muistotilaisuudet<\/p>\n\n\n\n<p>Ota yhteytt\u00e4 ja suunnitellaan tapahtumasi yhdess\u00e4.<\/p>\n","protected":false},"excerpt":{"rendered":"<p>Haluatko omasta tapahtumastasi suoran l\u00e4hetyksen maailmalle? Tehd\u00e4\u00e4n sellainen yhdess\u00e4 ja yksinkertaisesti. Kootaan se seuraavista osista: 2-5 kameran tuotanto, joista 1-2 liikkuvaa langatonta kameraa tarvittaessa \u00c4\u00e4niratkaisu Live striimin ohjaus Ammattitaitoinen juontaja tarvittaessa Et\u00e4osanottajat l\u00e4hetykseen (vaikkapa asiakashaastattelu) Live-tuotannon jakelu haluttuun kanavaan tai tapahtuma-screenille julkisiin some kanaviin, kuten youtube, facebook, linkedin yksityiseen jakelukanavaan laajalle yleis\u00f6lle suorasiirto haluttuun paikkaan [&hellip;]<\/p>\n","protected":false},"author":1,"featured_media":265,"parent":0,"menu_order":0,"comment_status":"closed","ping_status":"closed","template":"","meta":{"footnotes":""},"class_list":["post-263","page","type-page","status-publish","has-post-thumbnail","czr-hentry"],"_links":{"self":[{"href":"http:\/\/www.team-eerola.fi\/wp\/wp-json\/wp\/v2\/pages\/263","targetHints":{"allow":["GET"]}}],"collection":[{"href":"http:\/\/www.team-eerola.fi\/wp\/wp-json\/wp\/v2\/pages"}],"about":[{"href":"http:\/\/www.team-eerola.fi\/wp\/wp-json\/wp\/v2\/types\/page"}],"author":[{"embeddable":true,"href":"http:\/\/www.team-eerola.fi\/wp\/wp-json\/wp\/v2\/users\/1"}],"replies":[{"embeddable":true,"href":"http:\/\/www.team-eerola.fi\/wp\/wp-json\/wp\/v2\/comments?post=263"}],"version-history":[{"count":6,"href":"http:\/\/www.team-eerola.fi\/wp\/wp-json\/wp\/v2\/pages\/263\/revisions"}],"predecessor-version":[{"id":333,"href":"http:\/\/www.team-eerola.fi\/wp\/wp-json\/wp\/v2\/pages\/263\/revisions\/333"}],"wp:featuredmedia":[{"embeddable":true,"href":"http:\/\/www.team-eerola.fi\/wp\/wp-json\/wp\/v2\/media\/265"}],"wp:attachment":[{"href":"http:\/\/www.team-eerola.fi\/wp\/wp-json\/wp\/v2\/media?parent=263"}],"curies":[{"name":"wp","href":"https:\/\/api.w.org\/{rel}","templated":true}]}}